{"id":2586,"date":"2016-12-01T14:27:47","date_gmt":"2016-12-01T14:27:47","guid":{"rendered":"https:\/\/www.pfiglie.org\/es\/?page_id=2586"},"modified":"2016-12-02T08:46:00","modified_gmt":"2016-12-02T08:46:00","slug":"origenes","status":"publish","type":"page","link":"https:\/\/www.pfiglie.org\/es\/origenes\/","title":{"rendered":"Origenes"},"content":{"rendered":"<p><strong><img decoding=\"async\" width=\"300\" height=\"214\" class=\"alignleft size-medium wp-image-76\" src=\"https:\/\/www.pfiglie.org\/wp-content\/uploads\/2015\/04\/suore_1925-300x214.jpg\" alt=\"Suore 1925\" srcset=\"https:\/\/www.pfiglie.org\/wp-content\/uploads\/2015\/04\/suore_1925-300x214.jpg 300w, https:\/\/www.pfiglie.org\/wp-content\/uploads\/2015\/04\/suore_1925-958x684.jpg 958w, https:\/\/www.pfiglie.org\/wp-content\/uploads\/2015\/04\/suore_1925-1000x717.jpg 1000w, https:\/\/www.pfiglie.org\/wp-content\/uploads\/2015\/04\/suore_1925.jpg 1004w\" sizes=\"(max-width: 300px) 100vw, 300px\" \/><\/strong><\/p>\n<p><strong style=\"color: #409dae;\">La Familia religiosa de las Peque\u00f1as Hijas<\/strong><span style=\"line-height: 1.5;\"> nace en Parma (Italia) el viernes Santo 14 de abril de 1865, con <a title=\"Fundadores\" href=\"https:\/\/www.pfiglie.org\/es\/los-fundadores\/\">Anna Micheli<\/a> y otras 4 hermanas, guiadas por el Sacerdote diocesano <a title=\"Fundadores\" href=\"https:\/\/www.pfiglie.org\/es\/los-fundadores\/\">Agust\u00edn Chieppi<\/a>, padre y fundador de la peque\u00f1a Comunidad.<\/span><\/p>\n<p>Les une el deseo de hacer visible el amor de Dios por la persona, a trav\u00e9s del servicio con especial predilecci\u00f3n por los pobres.<\/p>\n<p>Peque\u00f1ez, pobreza, sencillez, silencio, dedicaci\u00f3n incondicional, confianza y abandono en la divina Providencia caracterizan los inicios y el <strong style=\"color: #409dae;\">estilo<\/strong> de la Congregaci\u00f3n en el Mundo, como anuncio de la misericordia de Dios contemplada en el Coraz\u00f3n traspasado de Jes\u00fas.<\/p>\n<p>Las hermanas, bajo la conducci\u00f3n del <a title=\"Fundadores\" href=\"https:\/\/www.pfiglie.org\/es\/los-fundadores\/\">Padre Agust\u00edn Chieppi<\/a>, se dedican a la <strong style=\"color: #409dae;\">educaci\u00f3n, a la atenci\u00f3n de los enfermos, a la evangelizaci\u00f3n, trabajando en las parroquias, comunidades de acogida para menores, casas para ancianos,<\/strong> asistencia a domicilio. Ellas van donde la Providencia las llama, \u201cen camino con los tiempos\u201d, deseosas de hacer el bien en donde sea.<\/p>\n<p>&nbsp;<\/p>\n<h3>LA PRIMERA COMUNIDAD<\/h3>\n<p><img decoding=\"async\" width=\"300\" height=\"204\" class=\"alignright size-medium wp-image-80\" src=\"https:\/\/www.pfiglie.org\/wp-content\/uploads\/2015\/04\/s_apolonia-300x204.jpg\" alt=\"S. Apollonia\" srcset=\"https:\/\/www.pfiglie.org\/wp-content\/uploads\/2015\/04\/s_apolonia-300x204.jpg 300w, https:\/\/www.pfiglie.org\/wp-content\/uploads\/2015\/04\/s_apolonia-1024x696.jpg 1024w, https:\/\/www.pfiglie.org\/wp-content\/uploads\/2015\/04\/s_apolonia-958x651.jpg 958w, https:\/\/www.pfiglie.org\/wp-content\/uploads\/2015\/04\/s_apolonia.jpg 1200w\" sizes=\"(max-width: 300px) 100vw, 300px\" \/>En 1868, a causa del desbordamiento del torrente Parma, en la ciudad y en la provincia aumentan las incomodidades y la pobreza.<br \/>\nInterpeladas a causa de la situaci\u00f3n, por una presencia m\u00e1s incisiva entre los pobres, las jovenes inician a vivir juntas, en una casa de <strong style=\"color: #409dae;\">Plaza Santa Apollonia<\/strong>, arrendada, para acoger una ni\u00f1a que se qued\u00f3 huerfana y deprivada de todo. As\u00ed tiene inicio la primera obra de la Familia Religiosa que se desarrollar\u00e1 despu\u00e9s como el <strong style=\"color: #409dae;\">Instituto de la Providencia<\/strong> y el <strong style=\"color: #409dae;\">Internado \u201cArtigianelle\u201d.<\/strong>.<\/p>\n<p>Sucesivamente la Congregaci\u00f3n crece. Las Hermanas vienen llamadas a las escuelas de pre-basica, a los oratorios (centros educativos de las parroquias), a los hospitales y centros de salud de la Provincia y de la Regi\u00f3n.<br \/>\nEn 1890, en Plaza San Juan, donde actualmente se encuentra la Casa Madre, tiene inicio la Clinica, entonces denominada: Clinica Caggiati.<br \/>\nCon el estallido de la Primera Guerra Mundial (1915-18), las Hermanas se ofrecen al servicio de los hospitales militares y con la disponibilidad a abrir \u201cCentros de Acogida\u201d para los hijos de los soldados.<br \/>\nVan donde la necesidad las requiera.<br \/>\n<hr class=\"\">\n","protected":false},"excerpt":{"rendered":"<p>La Familia religiosa de las Peque\u00f1as Hijas nace en Parma (Italia) el viernes Santo 14 de abril de 1865, con Anna Micheli y otras 4 hermanas, guiadas por el Sacerdote [&hellip;]<\/p>\n","protected":false},"author":19,"featured_media":5290,"parent":0,"menu_order":51,"comment_status":"closed","ping_status":"closed","template":"","meta":{"footnotes":""},"class_list":["post-2586","page","type-page","status-publish","has-post-thumbnail","hentry"],"yoast_head":"<!-- This site is optimized with the Yoast SEO plugin v27.4 - https:\/\/yoast.com\/product\/yoast-seo-wordpress\/ -->\n<title>Origenes - Piccole Figlie dei Sacri Cuori di Ges\u00f9 e Maria<\/title>\n<meta name=\"description\" content=\"La Familia religiosa de las Peque\u00f1as Hijas nace en Parma (Italia) el viernes Santo 14 de abril de 1865, con Anna Micheli y otras 4 hermanas, guiadas por el\" \/>\n<meta name=\"robots\" content=\"index, follow, max-snippet:-1, max-image-preview:large, max-video-preview:-1\" \/>\n<link rel=\"canonical\" href=\"https:\/\/www.pfiglie.org\/es\/origenes\/\" \/>\n<meta property=\"og:locale\" content=\"es_ES\" \/>\n<meta property=\"og:type\" content=\"article\" \/>\n<meta property=\"og:title\" content=\"Origenes - Piccole Figlie dei Sacri Cuori di Ges\u00f9 e Maria\" \/>\n<meta property=\"og:description\" content=\"La Familia religiosa de las Peque\u00f1as Hijas nace en Parma (Italia) el viernes Santo 14 de abril de 1865, con Anna Micheli y otras 4 hermanas, guiadas por el\" \/>\n<meta property=\"og:url\" content=\"https:\/\/www.pfiglie.org\/es\/origenes\/\" \/>\n<meta property=\"og:site_name\" content=\"Piccole figlie dei SS cuori di Ges\u00f9 e Maria\" \/>\n<meta property=\"article:publisher\" content=\"https:\/\/www.facebook.com\/pfiglie\/?fref=ts\" \/>\n<meta property=\"article:modified_time\" content=\"2016-12-02T08:46:00+00:00\" \/>\n<meta property=\"og:image\" content=\"https:\/\/www.pfiglie.org\/wp-content\/uploads\/2015\/04\/maria-statua.jpg\" \/>\n\t<meta property=\"og:image:width\" content=\"600\" \/>\n\t<meta property=\"og:image:height\" content=\"400\" \/>\n\t<meta property=\"og:image:type\" content=\"image\/jpeg\" \/>\n<meta name=\"twitter:card\" content=\"summary_large_image\" \/>\n<meta name=\"twitter:label1\" content=\"Tiempo de lectura\" \/>\n\t<meta name=\"twitter:data1\" content=\"2 minutos\" \/>\n<script type=\"application\/ld+json\" class=\"yoast-schema-graph\">{\"@context\":\"https:\\\/\\\/schema.org\",\"@graph\":[{\"@type\":\"WebPage\",\"@id\":\"https:\\\/\\\/www.pfiglie.org\\\/es\\\/origenes\\\/\",\"url\":\"https:\\\/\\\/www.pfiglie.org\\\/es\\\/origenes\\\/\",\"name\":\"Origenes - Piccole Figlie dei Sacri Cuori di Ges\u00f9 e Maria\",\"isPartOf\":{\"@id\":\"https:\\\/\\\/www.pfiglie.org\\\/it\\\/#website\"},\"primaryImageOfPage\":{\"@id\":\"https:\\\/\\\/www.pfiglie.org\\\/es\\\/origenes\\\/#primaryimage\"},\"image\":{\"@id\":\"https:\\\/\\\/www.pfiglie.org\\\/es\\\/origenes\\\/#primaryimage\"},\"thumbnailUrl\":\"https:\\\/\\\/www.pfiglie.org\\\/wp-content\\\/uploads\\\/2015\\\/04\\\/maria-statua.jpg\",\"datePublished\":\"2016-12-01T14:27:47+00:00\",\"dateModified\":\"2016-12-02T08:46:00+00:00\",\"description\":\"La Familia religiosa de las Peque\u00f1as Hijas nace en Parma (Italia) el viernes Santo 14 de abril de 1865, con Anna Micheli y otras 4 hermanas, guiadas por el\",\"inLanguage\":\"es\",\"potentialAction\":[{\"@type\":\"ReadAction\",\"target\":[\"https:\\\/\\\/www.pfiglie.org\\\/es\\\/origenes\\\/\"]}]},{\"@type\":\"ImageObject\",\"inLanguage\":\"es\",\"@id\":\"https:\\\/\\\/www.pfiglie.org\\\/es\\\/origenes\\\/#primaryimage\",\"url\":\"https:\\\/\\\/www.pfiglie.org\\\/wp-content\\\/uploads\\\/2015\\\/04\\\/maria-statua.jpg\",\"contentUrl\":\"https:\\\/\\\/www.pfiglie.org\\\/wp-content\\\/uploads\\\/2015\\\/04\\\/maria-statua.jpg\",\"width\":600,\"height\":400,\"caption\":\"maria statua\"},{\"@type\":\"WebSite\",\"@id\":\"https:\\\/\\\/www.pfiglie.org\\\/it\\\/#website\",\"url\":\"https:\\\/\\\/www.pfiglie.org\\\/it\\\/\",\"name\":\"Piccole figlie dei SS cuori di Ges\u00f9 e Maria\",\"description\":\"\",\"publisher\":{\"@id\":\"https:\\\/\\\/www.pfiglie.org\\\/it\\\/#organization\"},\"potentialAction\":[{\"@type\":\"SearchAction\",\"target\":{\"@type\":\"EntryPoint\",\"urlTemplate\":\"https:\\\/\\\/www.pfiglie.org\\\/it\\\/?s={search_term_string}\"},\"query-input\":{\"@type\":\"PropertyValueSpecification\",\"valueRequired\":true,\"valueName\":\"search_term_string\"}}],\"inLanguage\":\"es\"},{\"@type\":\"Organization\",\"@id\":\"https:\\\/\\\/www.pfiglie.org\\\/it\\\/#organization\",\"name\":\"Piccole figlie dei SS cuori di Ges\u00f9 e Maria\",\"url\":\"https:\\\/\\\/www.pfiglie.org\\\/it\\\/\",\"logo\":{\"@type\":\"ImageObject\",\"inLanguage\":\"es\",\"@id\":\"https:\\\/\\\/www.pfiglie.org\\\/it\\\/#\\\/schema\\\/logo\\\/image\\\/\",\"url\":\"https:\\\/\\\/www.pfiglie.org\\\/wp-content\\\/uploads\\\/2015\\\/11\\\/logo-responsive.png\",\"contentUrl\":\"https:\\\/\\\/www.pfiglie.org\\\/wp-content\\\/uploads\\\/2015\\\/11\\\/logo-responsive.png\",\"width\":472,\"height\":71,\"caption\":\"Piccole figlie dei SS cuori di Ges\u00f9 e Maria\"},\"image\":{\"@id\":\"https:\\\/\\\/www.pfiglie.org\\\/it\\\/#\\\/schema\\\/logo\\\/image\\\/\"},\"sameAs\":[\"https:\\\/\\\/www.facebook.com\\\/pfiglie\\\/?fref=ts\",\"https:\\\/\\\/www.youtube.com\\\/channel\\\/UCBLf26yLGdGVXaO1MABjQqQ\"]}]}<\/script>\n<!-- \/ Yoast SEO plugin. -->","yoast_head_json":{"title":"Origenes - Piccole Figlie dei Sacri Cuori di Ges\u00f9 e Maria","description":"La Familia religiosa de las Peque\u00f1as Hijas nace en Parma (Italia) el viernes Santo 14 de abril de 1865, con Anna Micheli y otras 4 hermanas, guiadas por el","robots":{"index":"index","follow":"follow","max-snippet":"max-snippet:-1","max-image-preview":"max-image-preview:large","max-video-preview":"max-video-preview:-1"},"canonical":"https:\/\/www.pfiglie.org\/es\/origenes\/","og_locale":"es_ES","og_type":"article","og_title":"Origenes - Piccole Figlie dei Sacri Cuori di Ges\u00f9 e Maria","og_description":"La Familia religiosa de las Peque\u00f1as Hijas nace en Parma (Italia) el viernes Santo 14 de abril de 1865, con Anna Micheli y otras 4 hermanas, guiadas por el","og_url":"https:\/\/www.pfiglie.org\/es\/origenes\/","og_site_name":"Piccole figlie dei SS cuori di Ges\u00f9 e Maria","article_publisher":"https:\/\/www.facebook.com\/pfiglie\/?fref=ts","article_modified_time":"2016-12-02T08:46:00+00:00","og_image":[{"width":600,"height":400,"url":"https:\/\/www.pfiglie.org\/wp-content\/uploads\/2015\/04\/maria-statua.jpg","type":"image\/jpeg"}],"twitter_card":"summary_large_image","twitter_misc":{"Tiempo de lectura":"2 minutos"},"schema":{"@context":"https:\/\/schema.org","@graph":[{"@type":"WebPage","@id":"https:\/\/www.pfiglie.org\/es\/origenes\/","url":"https:\/\/www.pfiglie.org\/es\/origenes\/","name":"Origenes - Piccole Figlie dei Sacri Cuori di Ges\u00f9 e Maria","isPartOf":{"@id":"https:\/\/www.pfiglie.org\/it\/#website"},"primaryImageOfPage":{"@id":"https:\/\/www.pfiglie.org\/es\/origenes\/#primaryimage"},"image":{"@id":"https:\/\/www.pfiglie.org\/es\/origenes\/#primaryimage"},"thumbnailUrl":"https:\/\/www.pfiglie.org\/wp-content\/uploads\/2015\/04\/maria-statua.jpg","datePublished":"2016-12-01T14:27:47+00:00","dateModified":"2016-12-02T08:46:00+00:00","description":"La Familia religiosa de las Peque\u00f1as Hijas nace en Parma (Italia) el viernes Santo 14 de abril de 1865, con Anna Micheli y otras 4 hermanas, guiadas por el","inLanguage":"es","potentialAction":[{"@type":"ReadAction","target":["https:\/\/www.pfiglie.org\/es\/origenes\/"]}]},{"@type":"ImageObject","inLanguage":"es","@id":"https:\/\/www.pfiglie.org\/es\/origenes\/#primaryimage","url":"https:\/\/www.pfiglie.org\/wp-content\/uploads\/2015\/04\/maria-statua.jpg","contentUrl":"https:\/\/www.pfiglie.org\/wp-content\/uploads\/2015\/04\/maria-statua.jpg","width":600,"height":400,"caption":"maria statua"},{"@type":"WebSite","@id":"https:\/\/www.pfiglie.org\/it\/#website","url":"https:\/\/www.pfiglie.org\/it\/","name":"Piccole figlie dei SS cuori di Ges\u00f9 e Maria","description":"","publisher":{"@id":"https:\/\/www.pfiglie.org\/it\/#organization"},"potentialAction":[{"@type":"SearchAction","target":{"@type":"EntryPoint","urlTemplate":"https:\/\/www.pfiglie.org\/it\/?s={search_term_string}"},"query-input":{"@type":"PropertyValueSpecification","valueRequired":true,"valueName":"search_term_string"}}],"inLanguage":"es"},{"@type":"Organization","@id":"https:\/\/www.pfiglie.org\/it\/#organization","name":"Piccole figlie dei SS cuori di Ges\u00f9 e Maria","url":"https:\/\/www.pfiglie.org\/it\/","logo":{"@type":"ImageObject","inLanguage":"es","@id":"https:\/\/www.pfiglie.org\/it\/#\/schema\/logo\/image\/","url":"https:\/\/www.pfiglie.org\/wp-content\/uploads\/2015\/11\/logo-responsive.png","contentUrl":"https:\/\/www.pfiglie.org\/wp-content\/uploads\/2015\/11\/logo-responsive.png","width":472,"height":71,"caption":"Piccole figlie dei SS cuori di Ges\u00f9 e Maria"},"image":{"@id":"https:\/\/www.pfiglie.org\/it\/#\/schema\/logo\/image\/"},"sameAs":["https:\/\/www.facebook.com\/pfiglie\/?fref=ts","https:\/\/www.youtube.com\/channel\/UCBLf26yLGdGVXaO1MABjQqQ"]}]}},"_links":{"self":[{"href":"https:\/\/www.pfiglie.org\/es\/wp-json\/wp\/v2\/pages\/2586","targetHints":{"allow":["GET"]}}],"collection":[{"href":"https:\/\/www.pfiglie.org\/es\/wp-json\/wp\/v2\/pages"}],"about":[{"href":"https:\/\/www.pfiglie.org\/es\/wp-json\/wp\/v2\/types\/page"}],"author":[{"embeddable":true,"href":"https:\/\/www.pfiglie.org\/es\/wp-json\/wp\/v2\/users\/19"}],"replies":[{"embeddable":true,"href":"https:\/\/www.pfiglie.org\/es\/wp-json\/wp\/v2\/comments?post=2586"}],"version-history":[{"count":0,"href":"https:\/\/www.pfiglie.org\/es\/wp-json\/wp\/v2\/pages\/2586\/revisions"}],"wp:featuredmedia":[{"embeddable":true,"href":"https:\/\/www.pfiglie.org\/es\/wp-json\/wp\/v2\/media\/5290"}],"wp:attachment":[{"href":"https:\/\/www.pfiglie.org\/es\/wp-json\/wp\/v2\/media?parent=2586"}],"curies":[{"name":"wp","href":"https:\/\/api.w.org\/{rel}","templated":true}]}}