{"id":2591,"date":"2015-04-09T09:26:49","date_gmt":"2015-04-09T09:26:49","guid":{"rendered":"https:\/\/www.pfiglie.org\/es\/i-fondatori\/"},"modified":"2016-12-02T16:56:27","modified_gmt":"2016-12-02T16:56:27","slug":"los-fundadores","status":"publish","type":"page","link":"https:\/\/www.pfiglie.org\/es\/los-fundadores\/","title":{"rendered":"Fundadores"},"content":{"rendered":"<h2>Sacerdote Agust\u00ed Chieppi<\/h2>\n<h4><a href=\"https:\/\/www.pfiglie.org\/wp-content\/uploads\/2015\/04\/chieppi-a-carboncino.jpg\"><img decoding=\"async\" width=\"198\" height=\"300\" class=\"alignleft size-medium wp-image-52\" src=\"https:\/\/www.pfiglie.org\/wp-content\/uploads\/2015\/04\/chieppi-a-carboncino-198x300.jpg\" alt=\"Don Agostino Chieppi \" srcset=\"https:\/\/www.pfiglie.org\/wp-content\/uploads\/2015\/04\/chieppi-a-carboncino-198x300.jpg 198w, https:\/\/www.pfiglie.org\/wp-content\/uploads\/2015\/04\/chieppi-a-carboncino.jpg 379w\" sizes=\"(max-width: 198px) 100vw, 198px\" \/><\/a><\/h4>\n<p>Naci\u00f3 en Castel S. Giovanni (Italia) el 12 de noviembre de 1830, era de familia modesta. Agust\u00edn sinti\u00f3 a muy temprana edad el llamado al sacerdocio que sigui\u00f3 con convicci\u00f3n y tenacidad, superando la oposici\u00f3n de sus padres y terminado con \u00f3ptimos resultados los estudios de filosof\u00eda y teolog\u00eda en el Colegio Alberoni de Piacenza. Fue ordenado sacerdote el 24-9-1853.<br \/>\nEl Padre Agust\u00edn fue un estudioso apasionado de la Sagrada Escritura, te\u00f3logo, predicador muy apreciado, gu\u00eda espiritual, asesor de la Acci\u00f3n Cat\u00f3lica, escritor, periodista y gran devoto de Mar\u00eda.<br \/>\nLa Palabra de Dios, la Eucarist\u00eda y Mar\u00eda fueron su fuerza.<\/p>\n<p>En 1860, por voluntad de Dios, fue a Parma, donde junto con Ana Micheli dio inicio a la Familia Religiosa de las Peque\u00f1as Hijas.<br \/>\nMuri\u00f3 en Parma el 7 de septiembre de 1891.<\/p>\n<p>El 21 de diciembre de 1992 fueron declaradas la heroicidad de sus virtudes. <\/p>\n<hr class=\"\">\n<p><strong>ORACI\u00d3N<\/strong>\u00a0PARA LA GLORIFICACI\u00d3N DEL VENERABLE P. AUGUST\u00cd CHIEPPI<\/p>\n<p><em>Padre, que has suscitado<\/em><br \/>\n<em>en el venerable P. Agust\u00edn Chieppi<\/em><br \/>\n<em>un gran amor por el Verbo hecho carne<\/em><br \/>\n<em>en el seno de Mar\u00eda,<\/em><br \/>\n<em>y lo has llamado a anunciar<\/em><br \/>\n<em>con la vida y la palabra,<\/em><br \/>\n<em>las insondables riquezas de tu Coraz\u00f3n,<\/em><br \/>\n<em>danos la gracia de seguir su ejemplo<\/em><br \/>\n<em>y conc\u00e9denos la gracia que,<\/em><br \/>\n<em>por su intercesi\u00f3n, te pedimos&#8230;<\/em><\/p>\n<hr class=\"\">\n<h2>Madre Ana Micheli<\/h2>\n<p><img decoding=\"async\" width=\"206\" height=\"300\" class=\"alignleft size-medium wp-image-51\" src=\"https:\/\/www.pfiglie.org\/wp-content\/uploads\/2015\/04\/micheli-a-carboncino-206x300.jpg\" alt=\"Anna Micheli\" srcset=\"https:\/\/www.pfiglie.org\/wp-content\/uploads\/2015\/04\/micheli-a-carboncino-206x300.jpg 206w, https:\/\/www.pfiglie.org\/wp-content\/uploads\/2015\/04\/micheli-a-carboncino.jpg 441w\" sizes=\"(max-width: 206px) 100vw, 206px\" \/><\/p>\n<p>Naci\u00f3 en Parma el 10 de febrero de 1828, era de familia muy pobre pero de gran fe. La peque\u00f1a Ana era delicada de salud, solo a la edad de 7 a\u00f1os empez\u00f3 a caminar. Este evento fue considerado milagroso por sus padres, que lo atribuyeron a la intercesi\u00f3n de la Virgen Mar\u00eda.<\/p>\n<p>Mar\u00eda fue una presencia viva y constante en la vida de Ana.<br \/>\nCreciendo, sinti\u00f3 siempre con m\u00e1s fuerzas el llamado a hacer de su vida un don para los dem\u00e1s. Cuando expres\u00f3 este deseo a su director espiritual, el Padre Agust\u00edn Chieppi, encontr\u00f3 en \u00e9l atenci\u00f3n y sinton\u00eda de ideales.<br \/>\nDesde este encuentro providencial y fecundado, por la fuerza del Esp\u00edritu Santo, naci\u00f3 la Familia religiosa de las Peque\u00f1as Hijas.<br \/>\nAna Micheli muri\u00f3 el 23 de marzo 1871.<\/p>\n<hr class=\"\">\n<p><strong>ORACI\u00d3N<\/strong><\/p>\n<p><em>Padre, fuente de la vida,<\/em><br \/>\n<em>Que has llamado a Ana Micheli al servicio de los hermanos en la sencillez y peque\u00f1ez,<\/em><br \/>\n<em>has que tambien nosotras sigamos sus huellas.<\/em><br \/>\n<em>Por su intercesi\u00f3n escucha nuestra oraci\u00f3n <\/em><br \/>\n<em>y conc\u00e9denos la grazia que te pedimos.<\/em><br \/>\n<em>Am\u00e9n<\/em><\/p>\n<hr class=\"\">\n<p><strong>NB: <\/strong><strong>chi ricevesse una grazia per intercessione dei nostri Fondatori o della Beata Eugenia \u00e8 pregato di <a title=\"Contatti\" href=\"https:\/\/www.pfiglie.org\/it\/contatti\/\" target=\"_blank\">scriverci<\/a>.<\/strong><br \/>\n<hr class=\"\">\n","protected":false},"excerpt":{"rendered":"<p>Sacerdote Agust\u00ed Chieppi Naci\u00f3 en Castel S. Giovanni (Italia) el 12 de noviembre de 1830, era de familia modesta. Agust\u00edn sinti\u00f3 a muy temprana edad el llamado al sacerdocio que [&hellip;]<\/p>\n","protected":false},"author":19,"featured_media":0,"parent":0,"menu_order":24,"comment_status":"closed","ping_status":"closed","template":"","meta":{"footnotes":""},"class_list":["post-2591","page","type-page","status-publish","hentry"],"yoast_head":"<!-- This site is optimized with the Yoast SEO plugin v27.4 - https:\/\/yoast.com\/product\/yoast-seo-wordpress\/ -->\n<title>Fundadores - Piccole figlie dei SS cuori di Ges\u00f9 e Maria<\/title>\n<meta name=\"description\" content=\"Presentiamo i fondatori della congregazione dei Piccole Figlie\" \/>\n<meta name=\"robots\" content=\"index, follow, max-snippet:-1, max-image-preview:large, max-video-preview:-1\" \/>\n<link rel=\"canonical\" href=\"https:\/\/www.pfiglie.org\/es\/los-fundadores\/\" \/>\n<meta property=\"og:locale\" content=\"es_ES\" \/>\n<meta property=\"og:type\" content=\"article\" \/>\n<meta property=\"og:title\" content=\"Fundadores - Piccole figlie dei SS cuori di Ges\u00f9 e Maria\" \/>\n<meta property=\"og:description\" content=\"Presentiamo i fondatori della congregazione dei Piccole Figlie\" \/>\n<meta property=\"og:url\" content=\"https:\/\/www.pfiglie.org\/es\/los-fundadores\/\" \/>\n<meta property=\"og:site_name\" content=\"Piccole figlie dei SS cuori di Ges\u00f9 e Maria\" \/>\n<meta property=\"article:publisher\" content=\"https:\/\/www.facebook.com\/pfiglie\/?fref=ts\" \/>\n<meta property=\"article:modified_time\" content=\"2016-12-02T16:56:27+00:00\" \/>\n<meta property=\"og:image\" content=\"https:\/\/www.pfiglie.org\/wp-content\/uploads\/2015\/04\/chieppi-a-carboncino-198x300.jpg\" \/>\n<meta name=\"twitter:card\" content=\"summary_large_image\" \/>\n<meta name=\"twitter:label1\" content=\"Tiempo de lectura\" \/>\n\t<meta name=\"twitter:data1\" content=\"2 minutos\" \/>\n<script type=\"application\/ld+json\" class=\"yoast-schema-graph\">{\"@context\":\"https:\\\/\\\/schema.org\",\"@graph\":[{\"@type\":\"WebPage\",\"@id\":\"https:\\\/\\\/www.pfiglie.org\\\/es\\\/los-fundadores\\\/\",\"url\":\"https:\\\/\\\/www.pfiglie.org\\\/es\\\/los-fundadores\\\/\",\"name\":\"Fundadores - Piccole figlie dei SS cuori di Ges\u00f9 e Maria\",\"isPartOf\":{\"@id\":\"https:\\\/\\\/www.pfiglie.org\\\/it\\\/#website\"},\"primaryImageOfPage\":{\"@id\":\"https:\\\/\\\/www.pfiglie.org\\\/es\\\/los-fundadores\\\/#primaryimage\"},\"image\":{\"@id\":\"https:\\\/\\\/www.pfiglie.org\\\/es\\\/los-fundadores\\\/#primaryimage\"},\"thumbnailUrl\":\"https:\\\/\\\/www.pfiglie.org\\\/wp-content\\\/uploads\\\/2015\\\/04\\\/chieppi-a-carboncino-198x300.jpg\",\"datePublished\":\"2015-04-09T09:26:49+00:00\",\"dateModified\":\"2016-12-02T16:56:27+00:00\",\"description\":\"Presentiamo i fondatori della congregazione dei Piccole Figlie\",\"inLanguage\":\"es\",\"potentialAction\":[{\"@type\":\"ReadAction\",\"target\":[\"https:\\\/\\\/www.pfiglie.org\\\/es\\\/los-fundadores\\\/\"]}]},{\"@type\":\"ImageObject\",\"inLanguage\":\"es\",\"@id\":\"https:\\\/\\\/www.pfiglie.org\\\/es\\\/los-fundadores\\\/#primaryimage\",\"url\":\"https:\\\/\\\/www.pfiglie.org\\\/wp-content\\\/uploads\\\/2015\\\/04\\\/chieppi-a-carboncino-198x300.jpg\",\"contentUrl\":\"https:\\\/\\\/www.pfiglie.org\\\/wp-content\\\/uploads\\\/2015\\\/04\\\/chieppi-a-carboncino-198x300.jpg\"},{\"@type\":\"WebSite\",\"@id\":\"https:\\\/\\\/www.pfiglie.org\\\/it\\\/#website\",\"url\":\"https:\\\/\\\/www.pfiglie.org\\\/it\\\/\",\"name\":\"Piccole figlie dei SS cuori di Ges\u00f9 e Maria\",\"description\":\"\",\"publisher\":{\"@id\":\"https:\\\/\\\/www.pfiglie.org\\\/it\\\/#organization\"},\"potentialAction\":[{\"@type\":\"SearchAction\",\"target\":{\"@type\":\"EntryPoint\",\"urlTemplate\":\"https:\\\/\\\/www.pfiglie.org\\\/it\\\/?s={search_term_string}\"},\"query-input\":{\"@type\":\"PropertyValueSpecification\",\"valueRequired\":true,\"valueName\":\"search_term_string\"}}],\"inLanguage\":\"es\"},{\"@type\":\"Organization\",\"@id\":\"https:\\\/\\\/www.pfiglie.org\\\/it\\\/#organization\",\"name\":\"Piccole figlie dei SS cuori di Ges\u00f9 e Maria\",\"url\":\"https:\\\/\\\/www.pfiglie.org\\\/it\\\/\",\"logo\":{\"@type\":\"ImageObject\",\"inLanguage\":\"es\",\"@id\":\"https:\\\/\\\/www.pfiglie.org\\\/it\\\/#\\\/schema\\\/logo\\\/image\\\/\",\"url\":\"https:\\\/\\\/www.pfiglie.org\\\/wp-content\\\/uploads\\\/2015\\\/11\\\/logo-responsive.png\",\"contentUrl\":\"https:\\\/\\\/www.pfiglie.org\\\/wp-content\\\/uploads\\\/2015\\\/11\\\/logo-responsive.png\",\"width\":472,\"height\":71,\"caption\":\"Piccole figlie dei SS cuori di Ges\u00f9 e Maria\"},\"image\":{\"@id\":\"https:\\\/\\\/www.pfiglie.org\\\/it\\\/#\\\/schema\\\/logo\\\/image\\\/\"},\"sameAs\":[\"https:\\\/\\\/www.facebook.com\\\/pfiglie\\\/?fref=ts\",\"https:\\\/\\\/www.youtube.com\\\/channel\\\/UCBLf26yLGdGVXaO1MABjQqQ\"]}]}<\/script>\n<!-- \/ Yoast SEO plugin. -->","yoast_head_json":{"title":"Fundadores - Piccole figlie dei SS cuori di Ges\u00f9 e Maria","description":"Presentiamo i fondatori della congregazione dei Piccole Figlie","robots":{"index":"index","follow":"follow","max-snippet":"max-snippet:-1","max-image-preview":"max-image-preview:large","max-video-preview":"max-video-preview:-1"},"canonical":"https:\/\/www.pfiglie.org\/es\/los-fundadores\/","og_locale":"es_ES","og_type":"article","og_title":"Fundadores - Piccole figlie dei SS cuori di Ges\u00f9 e Maria","og_description":"Presentiamo i fondatori della congregazione dei Piccole Figlie","og_url":"https:\/\/www.pfiglie.org\/es\/los-fundadores\/","og_site_name":"Piccole figlie dei SS cuori di Ges\u00f9 e Maria","article_publisher":"https:\/\/www.facebook.com\/pfiglie\/?fref=ts","article_modified_time":"2016-12-02T16:56:27+00:00","og_image":[{"url":"https:\/\/www.pfiglie.org\/wp-content\/uploads\/2015\/04\/chieppi-a-carboncino-198x300.jpg","type":"","width":"","height":""}],"twitter_card":"summary_large_image","twitter_misc":{"Tiempo de lectura":"2 minutos"},"schema":{"@context":"https:\/\/schema.org","@graph":[{"@type":"WebPage","@id":"https:\/\/www.pfiglie.org\/es\/los-fundadores\/","url":"https:\/\/www.pfiglie.org\/es\/los-fundadores\/","name":"Fundadores - Piccole figlie dei SS cuori di Ges\u00f9 e Maria","isPartOf":{"@id":"https:\/\/www.pfiglie.org\/it\/#website"},"primaryImageOfPage":{"@id":"https:\/\/www.pfiglie.org\/es\/los-fundadores\/#primaryimage"},"image":{"@id":"https:\/\/www.pfiglie.org\/es\/los-fundadores\/#primaryimage"},"thumbnailUrl":"https:\/\/www.pfiglie.org\/wp-content\/uploads\/2015\/04\/chieppi-a-carboncino-198x300.jpg","datePublished":"2015-04-09T09:26:49+00:00","dateModified":"2016-12-02T16:56:27+00:00","description":"Presentiamo i fondatori della congregazione dei Piccole Figlie","inLanguage":"es","potentialAction":[{"@type":"ReadAction","target":["https:\/\/www.pfiglie.org\/es\/los-fundadores\/"]}]},{"@type":"ImageObject","inLanguage":"es","@id":"https:\/\/www.pfiglie.org\/es\/los-fundadores\/#primaryimage","url":"https:\/\/www.pfiglie.org\/wp-content\/uploads\/2015\/04\/chieppi-a-carboncino-198x300.jpg","contentUrl":"https:\/\/www.pfiglie.org\/wp-content\/uploads\/2015\/04\/chieppi-a-carboncino-198x300.jpg"},{"@type":"WebSite","@id":"https:\/\/www.pfiglie.org\/it\/#website","url":"https:\/\/www.pfiglie.org\/it\/","name":"Piccole figlie dei SS cuori di Ges\u00f9 e Maria","description":"","publisher":{"@id":"https:\/\/www.pfiglie.org\/it\/#organization"},"potentialAction":[{"@type":"SearchAction","target":{"@type":"EntryPoint","urlTemplate":"https:\/\/www.pfiglie.org\/it\/?s={search_term_string}"},"query-input":{"@type":"PropertyValueSpecification","valueRequired":true,"valueName":"search_term_string"}}],"inLanguage":"es"},{"@type":"Organization","@id":"https:\/\/www.pfiglie.org\/it\/#organization","name":"Piccole figlie dei SS cuori di Ges\u00f9 e Maria","url":"https:\/\/www.pfiglie.org\/it\/","logo":{"@type":"ImageObject","inLanguage":"es","@id":"https:\/\/www.pfiglie.org\/it\/#\/schema\/logo\/image\/","url":"https:\/\/www.pfiglie.org\/wp-content\/uploads\/2015\/11\/logo-responsive.png","contentUrl":"https:\/\/www.pfiglie.org\/wp-content\/uploads\/2015\/11\/logo-responsive.png","width":472,"height":71,"caption":"Piccole figlie dei SS cuori di Ges\u00f9 e Maria"},"image":{"@id":"https:\/\/www.pfiglie.org\/it\/#\/schema\/logo\/image\/"},"sameAs":["https:\/\/www.facebook.com\/pfiglie\/?fref=ts","https:\/\/www.youtube.com\/channel\/UCBLf26yLGdGVXaO1MABjQqQ"]}]}},"_links":{"self":[{"href":"https:\/\/www.pfiglie.org\/es\/wp-json\/wp\/v2\/pages\/2591","targetHints":{"allow":["GET"]}}],"collection":[{"href":"https:\/\/www.pfiglie.org\/es\/wp-json\/wp\/v2\/pages"}],"about":[{"href":"https:\/\/www.pfiglie.org\/es\/wp-json\/wp\/v2\/types\/page"}],"author":[{"embeddable":true,"href":"https:\/\/www.pfiglie.org\/es\/wp-json\/wp\/v2\/users\/19"}],"replies":[{"embeddable":true,"href":"https:\/\/www.pfiglie.org\/es\/wp-json\/wp\/v2\/comments?post=2591"}],"version-history":[{"count":0,"href":"https:\/\/www.pfiglie.org\/es\/wp-json\/wp\/v2\/pages\/2591\/revisions"}],"wp:attachment":[{"href":"https:\/\/www.pfiglie.org\/es\/wp-json\/wp\/v2\/media?parent=2591"}],"curies":[{"name":"wp","href":"https:\/\/api.w.org\/{rel}","templated":true}]}}