{"id":2588,"date":"2015-04-09T09:26:49","date_gmt":"2015-04-09T09:26:49","guid":{"rendered":"https:\/\/www.pfiglie.org\/fr\/i-fondatori\/"},"modified":"2016-12-02T10:41:17","modified_gmt":"2016-12-02T10:41:17","slug":"fondateurs","status":"publish","type":"page","link":"https:\/\/www.pfiglie.org\/fr\/fondateurs\/","title":{"rendered":"Fondateurs"},"content":{"rendered":"<h2>Don Augustin Chieppi<\/h2>\n<h4><a href=\"https:\/\/www.pfiglie.org\/wp-content\/uploads\/2015\/04\/chieppi-a-carboncino.jpg\"><img decoding=\"async\" width=\"198\" height=\"300\" class=\"alignleft size-medium wp-image-52\" src=\"https:\/\/www.pfiglie.org\/wp-content\/uploads\/2015\/04\/chieppi-a-carboncino-198x300.jpg\" alt=\"Don Agostino Chieppi \" srcset=\"https:\/\/www.pfiglie.org\/wp-content\/uploads\/2015\/04\/chieppi-a-carboncino-198x300.jpg 198w, https:\/\/www.pfiglie.org\/wp-content\/uploads\/2015\/04\/chieppi-a-carboncino.jpg 379w\" sizes=\"(max-width: 198px) 100vw, 198px\" \/><\/a><\/h4>\n<p>Il est n\u00e9 a Castel S. Giovanni (Piacenza\/ Italy) le 12\/11\/1830 dans une famille modeste. Il a entendu d\u00e8s l&rsquo;\u00e2ge de l&rsquo;\u00e9cole primaire l&rsquo;appel au sacerdoce. Il fit grandir en lui ce don en surmontant toutes les difficult\u00e9s rencontr\u00e9es en famille. Il fit ses \u00e9tudes au coll\u00e8ge Alberoni (Piacenza).<br \/>\nIl devint pr\u00eatre en 1853.<br \/>\nIl \u00e9tait passionn\u00e9 d\u00e8s Ecritures Saintes, th\u00e9ologien canoniste. Pr\u00eacheur appr\u00e9ci\u00e9, directeur spirituel, journaliste&#8230;<br \/>\nLa Parole de Dieu, l&rsquo;Eucharistie et la Vierge Marie \u00e9taient sa force. <\/p>\n<p>L&rsquo;Eglise l&rsquo;appela a Parma en 1860: c&rsquo;est l\u00e0 qu&rsquo;il rencontra Anna Micheli et avec elle il fonda la Congr\u00e9gation.<br \/>\nIl mourut \u00e0 Parma le 7 septembre 1891. <\/p>\n<p>En d\u00e9cembre 1992 Jean Paul II promulgua le d\u00e9cret sur l\u2019 h\u00e9ro\u00efcit\u00e9 des vertus. <\/p>\n<hr class=\"\">\n<p><strong>PRIERE <\/strong><\/p>\n<p><em>P\u00e8re, toi qui as suscit\u00e9 en le v\u00e9n\u00e9rable Augustin Chieppi<\/em><br \/>\n<em>un grand amour pour le Verbe qui s&rsquo;est fait chair dans le sein de Marie et tu l&rsquo;as appel\u00e9 <\/em><br \/>\n<em>a annoncer par la vie et la parole les insondables richesses de ton Coeur, <\/em><br \/>\n<em>donne-nous d&rsquo;en suivre l&rsquo;exemple et accorde-nous la gr\u00e2ce que, par son intercession, nous te demandons. <\/em><\/p>\n<hr class=\"\">\n<h2>Anna Micheli<\/h2>\n<p><img decoding=\"async\" width=\"206\" height=\"300\" class=\"alignleft size-medium wp-image-51\" src=\"https:\/\/www.pfiglie.org\/wp-content\/uploads\/2015\/04\/micheli-a-carboncino-206x300.jpg\" alt=\"Anna Micheli\" srcset=\"https:\/\/www.pfiglie.org\/wp-content\/uploads\/2015\/04\/micheli-a-carboncino-206x300.jpg 206w, https:\/\/www.pfiglie.org\/wp-content\/uploads\/2015\/04\/micheli-a-carboncino.jpg 441w\" sizes=\"(max-width: 206px) 100vw, 206px\" \/><\/p>\n<p>Anna Micheli est n\u00e9e \u00e0 Parme le 10 f\u00e9vrier 1828 dans une famille pauvre mais tr\u00e8s croyante.<br \/>\nLa petite Anna se r\u00e9v\u00e9la aussit\u00f4t fragile. Ce n\u2019est qu\u2019\u00e0 l\u2019\u00e2ge de sept ans qu\u2019elle parvint \u00e0 faire ses premiers pas. L&rsquo;\u00e9v\u00e9nement, retenu miraculeux par ses parents, fut attribu\u00e9 \u00e0 l\u2019intercession de la Vierge Marie.<\/p>\n<p>La Vierge Marie sera toujours une pr\u00e9sence constante dans la vie d\u2019Anna. En grandissant, elle ressentit toujours davantage l\u2019appel \u00e0 faire de sa vie un don. Elle concr\u00e9tisa ce d\u00e9sir en fondant, avec don Agostino Chieppi, la Congr\u00e9gation des Piccole Figlie. Petitesse, pauvret\u00e9, simplicit\u00e9, silence, grande g\u00e9n\u00e9rosit\u00e9 sont les traits qui caract\u00e9risent cette jeune femme qui entreprit une oeuvre de charit\u00e9 en s\u2019appuyant uniquement sur l\u2019aide de la Providence.<br \/>\nAnna mourut le 23 mars 1871 en faisant un geste de charit\u00e9.<\/p>\n<hr class=\"\">\n<p><strong>PRIERE<\/strong><\/p>\n<p><em>P\u00e8re, source de la vie,<\/em><br \/>\n<em>Toi, qui as appel\u00e9 Anna Micheli<\/em><br \/>\n<em>au service de ses fr\u00e8res<\/em><br \/>\n<em>dans la simplicit\u00e9 et la petitesse,<\/em><br \/>\n<em>fais-nous marcher sur ses pas,<\/em><br \/>\n<em>et par son intercession<\/em><br \/>\n<em>exauce notre pri\u00e8re,<\/em><br \/>\n<em>en nous accordant la gr\u00e2ce<\/em><br \/>\n<em>que nous venons te demander.<\/em><br \/>\n<em>Amen<\/em><\/p>\n<hr class=\"\">\n<p><strong>NB: <\/strong><strong>Pour l&rsquo;information et les gr\u00e2ces re\u00e7ues <a title=\"Contatti\" href=\"https:\/\/www.pfiglie.org\/it\/contatti\/\" target=\"_blank\">adressez-vous<\/a>.<\/strong><br \/>\n<hr class=\"\">\n","protected":false},"excerpt":{"rendered":"<p>Don Augustin Chieppi Il est n\u00e9 a Castel S. Giovanni (Piacenza\/ Italy) le 12\/11\/1830 dans une famille modeste. Il a entendu d\u00e8s l&rsquo;\u00e2ge de l&rsquo;\u00e9cole primaire l&rsquo;appel au sacerdoce. Il [&hellip;]<\/p>\n","protected":false},"author":19,"featured_media":0,"parent":0,"menu_order":22,"comment_status":"closed","ping_status":"closed","template":"","meta":{"footnotes":""},"class_list":["post-2588","page","type-page","status-publish","hentry"],"yoast_head":"<!-- This site is optimized with the Yoast SEO plugin v27.4 - https:\/\/yoast.com\/product\/yoast-seo-wordpress\/ -->\n<title>Fondateurs - Piccole figlie dei SS cuori di Ges\u00f9 e Maria<\/title>\n<meta name=\"description\" content=\"Presentiamo i fondatori della congregazione dei Piccole Figlie\" \/>\n<meta name=\"robots\" content=\"index, follow, max-snippet:-1, max-image-preview:large, max-video-preview:-1\" \/>\n<link rel=\"canonical\" href=\"https:\/\/www.pfiglie.org\/fr\/fondateurs\/\" \/>\n<meta property=\"og:locale\" content=\"fr_FR\" \/>\n<meta property=\"og:type\" content=\"article\" \/>\n<meta property=\"og:title\" content=\"Fondateurs - Piccole figlie dei SS cuori di Ges\u00f9 e Maria\" \/>\n<meta property=\"og:description\" content=\"Presentiamo i fondatori della congregazione dei Piccole Figlie\" \/>\n<meta property=\"og:url\" content=\"https:\/\/www.pfiglie.org\/fr\/fondateurs\/\" \/>\n<meta property=\"og:site_name\" content=\"Piccole figlie dei SS cuori di Ges\u00f9 e Maria\" \/>\n<meta property=\"article:publisher\" content=\"https:\/\/www.facebook.com\/pfiglie\/?fref=ts\" \/>\n<meta property=\"article:modified_time\" content=\"2016-12-02T10:41:17+00:00\" \/>\n<meta property=\"og:image\" content=\"https:\/\/www.pfiglie.org\/wp-content\/uploads\/2015\/04\/chieppi-a-carboncino-198x300.jpg\" \/>\n<meta name=\"twitter:card\" content=\"summary_large_image\" \/>\n<meta name=\"twitter:label1\" content=\"Dur\u00e9e de lecture estim\u00e9e\" \/>\n\t<meta name=\"twitter:data1\" content=\"2 minutes\" \/>\n<script type=\"application\/ld+json\" class=\"yoast-schema-graph\">{\"@context\":\"https:\\\/\\\/schema.org\",\"@graph\":[{\"@type\":\"WebPage\",\"@id\":\"https:\\\/\\\/www.pfiglie.org\\\/fr\\\/fondateurs\\\/\",\"url\":\"https:\\\/\\\/www.pfiglie.org\\\/fr\\\/fondateurs\\\/\",\"name\":\"Fondateurs - Piccole figlie dei SS cuori di Ges\u00f9 e Maria\",\"isPartOf\":{\"@id\":\"https:\\\/\\\/www.pfiglie.org\\\/it\\\/#website\"},\"primaryImageOfPage\":{\"@id\":\"https:\\\/\\\/www.pfiglie.org\\\/fr\\\/fondateurs\\\/#primaryimage\"},\"image\":{\"@id\":\"https:\\\/\\\/www.pfiglie.org\\\/fr\\\/fondateurs\\\/#primaryimage\"},\"thumbnailUrl\":\"https:\\\/\\\/www.pfiglie.org\\\/wp-content\\\/uploads\\\/2015\\\/04\\\/chieppi-a-carboncino-198x300.jpg\",\"datePublished\":\"2015-04-09T09:26:49+00:00\",\"dateModified\":\"2016-12-02T10:41:17+00:00\",\"description\":\"Presentiamo i fondatori della congregazione dei Piccole Figlie\",\"inLanguage\":\"fr-FR\",\"potentialAction\":[{\"@type\":\"ReadAction\",\"target\":[\"https:\\\/\\\/www.pfiglie.org\\\/fr\\\/fondateurs\\\/\"]}]},{\"@type\":\"ImageObject\",\"inLanguage\":\"fr-FR\",\"@id\":\"https:\\\/\\\/www.pfiglie.org\\\/fr\\\/fondateurs\\\/#primaryimage\",\"url\":\"https:\\\/\\\/www.pfiglie.org\\\/wp-content\\\/uploads\\\/2015\\\/04\\\/chieppi-a-carboncino-198x300.jpg\",\"contentUrl\":\"https:\\\/\\\/www.pfiglie.org\\\/wp-content\\\/uploads\\\/2015\\\/04\\\/chieppi-a-carboncino-198x300.jpg\"},{\"@type\":\"WebSite\",\"@id\":\"https:\\\/\\\/www.pfiglie.org\\\/it\\\/#website\",\"url\":\"https:\\\/\\\/www.pfiglie.org\\\/it\\\/\",\"name\":\"Piccole figlie dei SS cuori di Ges\u00f9 e Maria\",\"description\":\"\",\"publisher\":{\"@id\":\"https:\\\/\\\/www.pfiglie.org\\\/it\\\/#organization\"},\"potentialAction\":[{\"@type\":\"SearchAction\",\"target\":{\"@type\":\"EntryPoint\",\"urlTemplate\":\"https:\\\/\\\/www.pfiglie.org\\\/it\\\/?s={search_term_string}\"},\"query-input\":{\"@type\":\"PropertyValueSpecification\",\"valueRequired\":true,\"valueName\":\"search_term_string\"}}],\"inLanguage\":\"fr-FR\"},{\"@type\":\"Organization\",\"@id\":\"https:\\\/\\\/www.pfiglie.org\\\/it\\\/#organization\",\"name\":\"Piccole figlie dei SS cuori di Ges\u00f9 e Maria\",\"url\":\"https:\\\/\\\/www.pfiglie.org\\\/it\\\/\",\"logo\":{\"@type\":\"ImageObject\",\"inLanguage\":\"fr-FR\",\"@id\":\"https:\\\/\\\/www.pfiglie.org\\\/it\\\/#\\\/schema\\\/logo\\\/image\\\/\",\"url\":\"https:\\\/\\\/www.pfiglie.org\\\/wp-content\\\/uploads\\\/2015\\\/11\\\/logo-responsive.png\",\"contentUrl\":\"https:\\\/\\\/www.pfiglie.org\\\/wp-content\\\/uploads\\\/2015\\\/11\\\/logo-responsive.png\",\"width\":472,\"height\":71,\"caption\":\"Piccole figlie dei SS cuori di Ges\u00f9 e Maria\"},\"image\":{\"@id\":\"https:\\\/\\\/www.pfiglie.org\\\/it\\\/#\\\/schema\\\/logo\\\/image\\\/\"},\"sameAs\":[\"https:\\\/\\\/www.facebook.com\\\/pfiglie\\\/?fref=ts\",\"https:\\\/\\\/www.youtube.com\\\/channel\\\/UCBLf26yLGdGVXaO1MABjQqQ\"]}]}<\/script>\n<!-- \/ Yoast SEO plugin. -->","yoast_head_json":{"title":"Fondateurs - Piccole figlie dei SS cuori di Ges\u00f9 e Maria","description":"Presentiamo i fondatori della congregazione dei Piccole Figlie","robots":{"index":"index","follow":"follow","max-snippet":"max-snippet:-1","max-image-preview":"max-image-preview:large","max-video-preview":"max-video-preview:-1"},"canonical":"https:\/\/www.pfiglie.org\/fr\/fondateurs\/","og_locale":"fr_FR","og_type":"article","og_title":"Fondateurs - Piccole figlie dei SS cuori di Ges\u00f9 e Maria","og_description":"Presentiamo i fondatori della congregazione dei Piccole Figlie","og_url":"https:\/\/www.pfiglie.org\/fr\/fondateurs\/","og_site_name":"Piccole figlie dei SS cuori di Ges\u00f9 e Maria","article_publisher":"https:\/\/www.facebook.com\/pfiglie\/?fref=ts","article_modified_time":"2016-12-02T10:41:17+00:00","og_image":[{"url":"https:\/\/www.pfiglie.org\/wp-content\/uploads\/2015\/04\/chieppi-a-carboncino-198x300.jpg","type":"","width":"","height":""}],"twitter_card":"summary_large_image","twitter_misc":{"Dur\u00e9e de lecture estim\u00e9e":"2 minutes"},"schema":{"@context":"https:\/\/schema.org","@graph":[{"@type":"WebPage","@id":"https:\/\/www.pfiglie.org\/fr\/fondateurs\/","url":"https:\/\/www.pfiglie.org\/fr\/fondateurs\/","name":"Fondateurs - Piccole figlie dei SS cuori di Ges\u00f9 e Maria","isPartOf":{"@id":"https:\/\/www.pfiglie.org\/it\/#website"},"primaryImageOfPage":{"@id":"https:\/\/www.pfiglie.org\/fr\/fondateurs\/#primaryimage"},"image":{"@id":"https:\/\/www.pfiglie.org\/fr\/fondateurs\/#primaryimage"},"thumbnailUrl":"https:\/\/www.pfiglie.org\/wp-content\/uploads\/2015\/04\/chieppi-a-carboncino-198x300.jpg","datePublished":"2015-04-09T09:26:49+00:00","dateModified":"2016-12-02T10:41:17+00:00","description":"Presentiamo i fondatori della congregazione dei Piccole Figlie","inLanguage":"fr-FR","potentialAction":[{"@type":"ReadAction","target":["https:\/\/www.pfiglie.org\/fr\/fondateurs\/"]}]},{"@type":"ImageObject","inLanguage":"fr-FR","@id":"https:\/\/www.pfiglie.org\/fr\/fondateurs\/#primaryimage","url":"https:\/\/www.pfiglie.org\/wp-content\/uploads\/2015\/04\/chieppi-a-carboncino-198x300.jpg","contentUrl":"https:\/\/www.pfiglie.org\/wp-content\/uploads\/2015\/04\/chieppi-a-carboncino-198x300.jpg"},{"@type":"WebSite","@id":"https:\/\/www.pfiglie.org\/it\/#website","url":"https:\/\/www.pfiglie.org\/it\/","name":"Piccole figlie dei SS cuori di Ges\u00f9 e Maria","description":"","publisher":{"@id":"https:\/\/www.pfiglie.org\/it\/#organization"},"potentialAction":[{"@type":"SearchAction","target":{"@type":"EntryPoint","urlTemplate":"https:\/\/www.pfiglie.org\/it\/?s={search_term_string}"},"query-input":{"@type":"PropertyValueSpecification","valueRequired":true,"valueName":"search_term_string"}}],"inLanguage":"fr-FR"},{"@type":"Organization","@id":"https:\/\/www.pfiglie.org\/it\/#organization","name":"Piccole figlie dei SS cuori di Ges\u00f9 e Maria","url":"https:\/\/www.pfiglie.org\/it\/","logo":{"@type":"ImageObject","inLanguage":"fr-FR","@id":"https:\/\/www.pfiglie.org\/it\/#\/schema\/logo\/image\/","url":"https:\/\/www.pfiglie.org\/wp-content\/uploads\/2015\/11\/logo-responsive.png","contentUrl":"https:\/\/www.pfiglie.org\/wp-content\/uploads\/2015\/11\/logo-responsive.png","width":472,"height":71,"caption":"Piccole figlie dei SS cuori di Ges\u00f9 e Maria"},"image":{"@id":"https:\/\/www.pfiglie.org\/it\/#\/schema\/logo\/image\/"},"sameAs":["https:\/\/www.facebook.com\/pfiglie\/?fref=ts","https:\/\/www.youtube.com\/channel\/UCBLf26yLGdGVXaO1MABjQqQ"]}]}},"_links":{"self":[{"href":"https:\/\/www.pfiglie.org\/fr\/wp-json\/wp\/v2\/pages\/2588","targetHints":{"allow":["GET"]}}],"collection":[{"href":"https:\/\/www.pfiglie.org\/fr\/wp-json\/wp\/v2\/pages"}],"about":[{"href":"https:\/\/www.pfiglie.org\/fr\/wp-json\/wp\/v2\/types\/page"}],"author":[{"embeddable":true,"href":"https:\/\/www.pfiglie.org\/fr\/wp-json\/wp\/v2\/users\/19"}],"replies":[{"embeddable":true,"href":"https:\/\/www.pfiglie.org\/fr\/wp-json\/wp\/v2\/comments?post=2588"}],"version-history":[{"count":0,"href":"https:\/\/www.pfiglie.org\/fr\/wp-json\/wp\/v2\/pages\/2588\/revisions"}],"wp:attachment":[{"href":"https:\/\/www.pfiglie.org\/fr\/wp-json\/wp\/v2\/media?parent=2588"}],"curies":[{"name":"wp","href":"https:\/\/api.w.org\/{rel}","templated":true}]}}