{"id":2597,"date":"2015-04-09T10:08:37","date_gmt":"2015-04-09T10:08:37","guid":{"rendered":"https:\/\/www.pfiglie.org\/fr\/nascita\/"},"modified":"2016-12-02T08:55:59","modified_gmt":"2016-12-02T08:55:59","slug":"naissance","status":"publish","type":"page","link":"https:\/\/www.pfiglie.org\/fr\/naissance\/","title":{"rendered":"Naissance"},"content":{"rendered":"<p><strong><img decoding=\"async\" width=\"300\" height=\"214\" class=\"alignleft size-medium wp-image-76\" src=\"https:\/\/www.pfiglie.org\/wp-content\/uploads\/2015\/04\/suore_1925-300x214.jpg\" alt=\"Suore 1925\" srcset=\"https:\/\/www.pfiglie.org\/wp-content\/uploads\/2015\/04\/suore_1925-300x214.jpg 300w, https:\/\/www.pfiglie.org\/wp-content\/uploads\/2015\/04\/suore_1925-958x684.jpg 958w, https:\/\/www.pfiglie.org\/wp-content\/uploads\/2015\/04\/suore_1925-1000x717.jpg 1000w, https:\/\/www.pfiglie.org\/wp-content\/uploads\/2015\/04\/suore_1925.jpg 1004w\" sizes=\"(max-width: 300px) 100vw, 300px\" \/><\/strong><\/p>\n<p><strong style=\"color: #409dae;\">La Famille religieuse des \u201cPiccole Figlie\u201d <\/strong><span style=\"line-height: 1.5;\">a d\u00e9but\u00e9 \u00e0 Parme (Italie) le vendredi saint, 14 avril 1865, avec <a title=\"Fondateurs\" href=\"https:\/\/www.pfiglie.org\/fr\/fondateurs\/\">Anna Micheli<\/a> et 4 autres s\u0153urs, guid\u00e9es, par l\u2019abb\u00e9 <a title=\"Fondateurs\" href=\"https:\/\/www.pfiglie.org\/fr\/fondateurs\/\">Agostino Chieppi<\/a>, p\u00e8re et fondateur de la petite communaut\u00e9.<\/span><\/p>\n<p>Ils sont unis par le d\u00e9sir de rendre visible l\u2019amour de Dieu pour l\u2019homme, par le service aux fr\u00e8res, avec un amour pr\u00e9f\u00e9rentiel pour les plus pauvres.<\/p>\n<p>Petitesse, pauvret\u00e9, simplicit\u00e9, silence, d\u00e9vouement sans condition, confiance et abandon \u00e0 la Providence, tout cela caract\u00e9rise les d\u00e9buts et le <strong style=\"color: #409dae;\">style <\/strong> de la Congr\u00e9gation dans le monde, comme annonce de la mis\u00e9ricorde de Dieu contempl\u00e9e dans le c\u0153ur transperc\u00e9 de J\u00e9sus.<\/p>\n<p>Les s\u0153urs, sous le guide de l\u2019abb\u00e9 <a title=\"Fondateurs\" href=\"https:\/\/www.pfiglie.org\/fr\/fondateurs\/\">Agostino Chieppi<\/a> se d\u00e9vouent \u00e0 <strong style=\"color: #409dae;\">l\u2019\u00e9ducation, aux soins des malades, \u00e0 l\u2019\u00e9vang\u00e9lisation, en \u0153uvrant dans les paroisses, communaut\u00e9s d\u2019accueil pour les mineurs,<\/strong> , maisons pour les personnes \u00e2g\u00e9es, assistance \u00e0 domicile. Elles se rendent pr\u00e9sentes l\u00e0 o\u00f9 la Providence les appelles, \u00ab en marche avec les temps \u00bb ainsi que le fondateur voulait, avec le d\u00e9sir de r\u00e9aliser le bien toujours et partout.<\/p>\n<p>&nbsp;<\/p>\n<h3>PREMI\u00c8RE COMMUNAUT\u00c9<\/h3>\n<p><img decoding=\"async\" width=\"300\" height=\"204\" class=\"alignright size-medium wp-image-80\" src=\"https:\/\/www.pfiglie.org\/wp-content\/uploads\/2015\/04\/s_apolonia-300x204.jpg\" alt=\"S. Apollonia\" srcset=\"https:\/\/www.pfiglie.org\/wp-content\/uploads\/2015\/04\/s_apolonia-300x204.jpg 300w, https:\/\/www.pfiglie.org\/wp-content\/uploads\/2015\/04\/s_apolonia-1024x696.jpg 1024w, https:\/\/www.pfiglie.org\/wp-content\/uploads\/2015\/04\/s_apolonia-958x651.jpg 958w, https:\/\/www.pfiglie.org\/wp-content\/uploads\/2015\/04\/s_apolonia.jpg 1200w\" sizes=\"(max-width: 300px) 100vw, 300px\" \/>En 1868, \u00e0 cause du d\u00e9bordement du torrent Parme, en ville et dans la province, augmentent les privations et la pauvret\u00e9.<br \/>\nInterpell\u00e9es par la situation et pour r\u00e9aliser une pr\u00e9sence plus incisive parmi les pauvres, les s\u0153urs commencent \u00e0 vivre ensemble dans une maison en <strong style=\"color: #409dae;\">Place \u00ab Santa Apollonia \u00bb<\/strong>, prise \u00e0 louage. L\u00e0 bas, elles accueillent une fille orpheline et d\u00e9nu\u00e9e. C\u2019est ainsi que d\u00e9bute la premi\u00e8re \u0153uvre de notre Famille religieuse qui se d\u00e9veloppera en suite, avec <strong style=\"color: #409dae;\">l\u2019Institut de la Providence et le \u00ab Convitto Artigianelle \u00bb.<\/strong><\/p>\n<p>Dans les ann\u00e9es suivantes la Congr\u00e9gation \u00ab grandit \u00bb. Les s\u0153urs sont appel\u00e9es dans les \u00e9coles maternelles, dans les oratoires en paroisse, dans les h\u00f4pitaux de la Province et de la R\u00e9gion.<br \/>\nEn 1890, en place \u00ab San Giovanni \u00bb, actuellement si\u00e8ge de la Maison M\u00e8re, commence une autre \u0153uvre : \u00ab Casa di salute Caggiati \u00bb.<br \/>\nAvec l\u2019\u00e9clat de la Grande Guerre (1915\/1918), les s\u0153urs se rendent disponibles au service dans les h\u00f4pitaux militaires par contumace, et avec l\u2019ouverture de \u00ab Salles de Garde \u00bb pour les enfants des militaires partis au front.<br \/>\nElles vont l\u00e0 o\u00f9 le besoin les appelle\u2026<\/p>\n<hr class=\"\">\n","protected":false},"excerpt":{"rendered":"<p>La Famille religieuse des \u201cPiccole Figlie\u201d a d\u00e9but\u00e9 \u00e0 Parme (Italie) le vendredi saint, 14 avril 1865, avec Anna Micheli et 4 autres s\u0153urs, guid\u00e9es, par l\u2019abb\u00e9 Agostino Chieppi, p\u00e8re [&hellip;]<\/p>\n","protected":false},"author":19,"featured_media":5289,"parent":0,"menu_order":44,"comment_status":"closed","ping_status":"closed","template":"","meta":{"footnotes":""},"class_list":["post-2597","page","type-page","status-publish","has-post-thumbnail","hentry"],"yoast_head":"<!-- This site is optimized with the Yoast SEO plugin v27.4 - https:\/\/yoast.com\/product\/yoast-seo-wordpress\/ -->\n<title>Naissance - Piccole figlie dei SS cuori di Ges\u00f9 e Maria<\/title>\n<meta name=\"description\" content=\"La storia della nascita della congregazione delle Piccole Figlie\" \/>\n<meta name=\"robots\" content=\"index, follow, max-snippet:-1, max-image-preview:large, max-video-preview:-1\" \/>\n<link rel=\"canonical\" href=\"https:\/\/www.pfiglie.org\/fr\/naissance\/\" \/>\n<meta property=\"og:locale\" content=\"fr_FR\" \/>\n<meta property=\"og:type\" content=\"article\" \/>\n<meta property=\"og:title\" content=\"Naissance - Piccole figlie dei SS cuori di Ges\u00f9 e Maria\" \/>\n<meta property=\"og:description\" content=\"La storia della nascita della congregazione delle Piccole Figlie\" \/>\n<meta property=\"og:url\" content=\"https:\/\/www.pfiglie.org\/fr\/naissance\/\" \/>\n<meta property=\"og:site_name\" content=\"Piccole figlie dei SS cuori di Ges\u00f9 e Maria\" \/>\n<meta property=\"article:publisher\" content=\"https:\/\/www.facebook.com\/pfiglie\/?fref=ts\" \/>\n<meta property=\"article:modified_time\" content=\"2016-12-02T08:55:59+00:00\" \/>\n<meta property=\"og:image\" content=\"https:\/\/www.pfiglie.org\/wp-content\/uploads\/2015\/04\/maria-statua.jpg\" \/>\n\t<meta property=\"og:image:width\" content=\"600\" \/>\n\t<meta property=\"og:image:height\" content=\"400\" \/>\n\t<meta property=\"og:image:type\" content=\"image\/jpeg\" \/>\n<meta name=\"twitter:card\" content=\"summary_large_image\" \/>\n<meta name=\"twitter:label1\" content=\"Dur\u00e9e de lecture estim\u00e9e\" \/>\n\t<meta name=\"twitter:data1\" content=\"2 minutes\" \/>\n<script type=\"application\/ld+json\" class=\"yoast-schema-graph\">{\"@context\":\"https:\\\/\\\/schema.org\",\"@graph\":[{\"@type\":\"WebPage\",\"@id\":\"https:\\\/\\\/www.pfiglie.org\\\/fr\\\/naissance\\\/\",\"url\":\"https:\\\/\\\/www.pfiglie.org\\\/fr\\\/naissance\\\/\",\"name\":\"Naissance - Piccole figlie dei SS cuori di Ges\u00f9 e Maria\",\"isPartOf\":{\"@id\":\"https:\\\/\\\/www.pfiglie.org\\\/it\\\/#website\"},\"primaryImageOfPage\":{\"@id\":\"https:\\\/\\\/www.pfiglie.org\\\/fr\\\/naissance\\\/#primaryimage\"},\"image\":{\"@id\":\"https:\\\/\\\/www.pfiglie.org\\\/fr\\\/naissance\\\/#primaryimage\"},\"thumbnailUrl\":\"https:\\\/\\\/www.pfiglie.org\\\/wp-content\\\/uploads\\\/2015\\\/04\\\/maria-statua.jpg\",\"datePublished\":\"2015-04-09T10:08:37+00:00\",\"dateModified\":\"2016-12-02T08:55:59+00:00\",\"description\":\"La storia della nascita della congregazione delle Piccole Figlie\",\"inLanguage\":\"fr-FR\",\"potentialAction\":[{\"@type\":\"ReadAction\",\"target\":[\"https:\\\/\\\/www.pfiglie.org\\\/fr\\\/naissance\\\/\"]}]},{\"@type\":\"ImageObject\",\"inLanguage\":\"fr-FR\",\"@id\":\"https:\\\/\\\/www.pfiglie.org\\\/fr\\\/naissance\\\/#primaryimage\",\"url\":\"https:\\\/\\\/www.pfiglie.org\\\/wp-content\\\/uploads\\\/2015\\\/04\\\/maria-statua.jpg\",\"contentUrl\":\"https:\\\/\\\/www.pfiglie.org\\\/wp-content\\\/uploads\\\/2015\\\/04\\\/maria-statua.jpg\",\"width\":600,\"height\":400,\"caption\":\"maria statua\"},{\"@type\":\"WebSite\",\"@id\":\"https:\\\/\\\/www.pfiglie.org\\\/it\\\/#website\",\"url\":\"https:\\\/\\\/www.pfiglie.org\\\/it\\\/\",\"name\":\"Piccole figlie dei SS cuori di Ges\u00f9 e Maria\",\"description\":\"\",\"publisher\":{\"@id\":\"https:\\\/\\\/www.pfiglie.org\\\/it\\\/#organization\"},\"potentialAction\":[{\"@type\":\"SearchAction\",\"target\":{\"@type\":\"EntryPoint\",\"urlTemplate\":\"https:\\\/\\\/www.pfiglie.org\\\/it\\\/?s={search_term_string}\"},\"query-input\":{\"@type\":\"PropertyValueSpecification\",\"valueRequired\":true,\"valueName\":\"search_term_string\"}}],\"inLanguage\":\"fr-FR\"},{\"@type\":\"Organization\",\"@id\":\"https:\\\/\\\/www.pfiglie.org\\\/it\\\/#organization\",\"name\":\"Piccole figlie dei SS cuori di Ges\u00f9 e Maria\",\"url\":\"https:\\\/\\\/www.pfiglie.org\\\/it\\\/\",\"logo\":{\"@type\":\"ImageObject\",\"inLanguage\":\"fr-FR\",\"@id\":\"https:\\\/\\\/www.pfiglie.org\\\/it\\\/#\\\/schema\\\/logo\\\/image\\\/\",\"url\":\"https:\\\/\\\/www.pfiglie.org\\\/wp-content\\\/uploads\\\/2015\\\/11\\\/logo-responsive.png\",\"contentUrl\":\"https:\\\/\\\/www.pfiglie.org\\\/wp-content\\\/uploads\\\/2015\\\/11\\\/logo-responsive.png\",\"width\":472,\"height\":71,\"caption\":\"Piccole figlie dei SS cuori di Ges\u00f9 e Maria\"},\"image\":{\"@id\":\"https:\\\/\\\/www.pfiglie.org\\\/it\\\/#\\\/schema\\\/logo\\\/image\\\/\"},\"sameAs\":[\"https:\\\/\\\/www.facebook.com\\\/pfiglie\\\/?fref=ts\",\"https:\\\/\\\/www.youtube.com\\\/channel\\\/UCBLf26yLGdGVXaO1MABjQqQ\"]}]}<\/script>\n<!-- \/ Yoast SEO plugin. -->","yoast_head_json":{"title":"Naissance - Piccole figlie dei SS cuori di Ges\u00f9 e Maria","description":"La storia della nascita della congregazione delle Piccole Figlie","robots":{"index":"index","follow":"follow","max-snippet":"max-snippet:-1","max-image-preview":"max-image-preview:large","max-video-preview":"max-video-preview:-1"},"canonical":"https:\/\/www.pfiglie.org\/fr\/naissance\/","og_locale":"fr_FR","og_type":"article","og_title":"Naissance - Piccole figlie dei SS cuori di Ges\u00f9 e Maria","og_description":"La storia della nascita della congregazione delle Piccole Figlie","og_url":"https:\/\/www.pfiglie.org\/fr\/naissance\/","og_site_name":"Piccole figlie dei SS cuori di Ges\u00f9 e Maria","article_publisher":"https:\/\/www.facebook.com\/pfiglie\/?fref=ts","article_modified_time":"2016-12-02T08:55:59+00:00","og_image":[{"width":600,"height":400,"url":"https:\/\/www.pfiglie.org\/wp-content\/uploads\/2015\/04\/maria-statua.jpg","type":"image\/jpeg"}],"twitter_card":"summary_large_image","twitter_misc":{"Dur\u00e9e de lecture estim\u00e9e":"2 minutes"},"schema":{"@context":"https:\/\/schema.org","@graph":[{"@type":"WebPage","@id":"https:\/\/www.pfiglie.org\/fr\/naissance\/","url":"https:\/\/www.pfiglie.org\/fr\/naissance\/","name":"Naissance - Piccole figlie dei SS cuori di Ges\u00f9 e Maria","isPartOf":{"@id":"https:\/\/www.pfiglie.org\/it\/#website"},"primaryImageOfPage":{"@id":"https:\/\/www.pfiglie.org\/fr\/naissance\/#primaryimage"},"image":{"@id":"https:\/\/www.pfiglie.org\/fr\/naissance\/#primaryimage"},"thumbnailUrl":"https:\/\/www.pfiglie.org\/wp-content\/uploads\/2015\/04\/maria-statua.jpg","datePublished":"2015-04-09T10:08:37+00:00","dateModified":"2016-12-02T08:55:59+00:00","description":"La storia della nascita della congregazione delle Piccole Figlie","inLanguage":"fr-FR","potentialAction":[{"@type":"ReadAction","target":["https:\/\/www.pfiglie.org\/fr\/naissance\/"]}]},{"@type":"ImageObject","inLanguage":"fr-FR","@id":"https:\/\/www.pfiglie.org\/fr\/naissance\/#primaryimage","url":"https:\/\/www.pfiglie.org\/wp-content\/uploads\/2015\/04\/maria-statua.jpg","contentUrl":"https:\/\/www.pfiglie.org\/wp-content\/uploads\/2015\/04\/maria-statua.jpg","width":600,"height":400,"caption":"maria statua"},{"@type":"WebSite","@id":"https:\/\/www.pfiglie.org\/it\/#website","url":"https:\/\/www.pfiglie.org\/it\/","name":"Piccole figlie dei SS cuori di Ges\u00f9 e Maria","description":"","publisher":{"@id":"https:\/\/www.pfiglie.org\/it\/#organization"},"potentialAction":[{"@type":"SearchAction","target":{"@type":"EntryPoint","urlTemplate":"https:\/\/www.pfiglie.org\/it\/?s={search_term_string}"},"query-input":{"@type":"PropertyValueSpecification","valueRequired":true,"valueName":"search_term_string"}}],"inLanguage":"fr-FR"},{"@type":"Organization","@id":"https:\/\/www.pfiglie.org\/it\/#organization","name":"Piccole figlie dei SS cuori di Ges\u00f9 e Maria","url":"https:\/\/www.pfiglie.org\/it\/","logo":{"@type":"ImageObject","inLanguage":"fr-FR","@id":"https:\/\/www.pfiglie.org\/it\/#\/schema\/logo\/image\/","url":"https:\/\/www.pfiglie.org\/wp-content\/uploads\/2015\/11\/logo-responsive.png","contentUrl":"https:\/\/www.pfiglie.org\/wp-content\/uploads\/2015\/11\/logo-responsive.png","width":472,"height":71,"caption":"Piccole figlie dei SS cuori di Ges\u00f9 e Maria"},"image":{"@id":"https:\/\/www.pfiglie.org\/it\/#\/schema\/logo\/image\/"},"sameAs":["https:\/\/www.facebook.com\/pfiglie\/?fref=ts","https:\/\/www.youtube.com\/channel\/UCBLf26yLGdGVXaO1MABjQqQ"]}]}},"_links":{"self":[{"href":"https:\/\/www.pfiglie.org\/fr\/wp-json\/wp\/v2\/pages\/2597","targetHints":{"allow":["GET"]}}],"collection":[{"href":"https:\/\/www.pfiglie.org\/fr\/wp-json\/wp\/v2\/pages"}],"about":[{"href":"https:\/\/www.pfiglie.org\/fr\/wp-json\/wp\/v2\/types\/page"}],"author":[{"embeddable":true,"href":"https:\/\/www.pfiglie.org\/fr\/wp-json\/wp\/v2\/users\/19"}],"replies":[{"embeddable":true,"href":"https:\/\/www.pfiglie.org\/fr\/wp-json\/wp\/v2\/comments?post=2597"}],"version-history":[{"count":0,"href":"https:\/\/www.pfiglie.org\/fr\/wp-json\/wp\/v2\/pages\/2597\/revisions"}],"wp:featuredmedia":[{"embeddable":true,"href":"https:\/\/www.pfiglie.org\/fr\/wp-json\/wp\/v2\/media\/5289"}],"wp:attachment":[{"href":"https:\/\/www.pfiglie.org\/fr\/wp-json\/wp\/v2\/media?parent=2597"}],"curies":[{"name":"wp","href":"https:\/\/api.w.org\/{rel}","templated":true}]}}